{"id":157,"date":"2019-07-10T13:55:33","date_gmt":"2019-07-10T16:55:33","guid":{"rendered":"https:\/\/www.encontracuiaba.com\/agenda\/?page_id=157"},"modified":"2019-07-10T13:58:08","modified_gmt":"2019-07-10T16:58:08","slug":"detran-cuiaba","status":"publish","type":"page","link":"https:\/\/www.encontracuiaba.com\/agenda\/detran-cuiaba\/","title":{"rendered":"Detran Cuiab\u00e1"},"content":{"rendered":"<div class=\"d56045751469784bbedee7c1290eb5be\" data-index=\"1\" style=\"float: left; margin: 15px 15px 15px 0;\">\n<!-- EBR \/Novo-Bairro-Topo\/ 300x250 -->\r\n<ins class=\"adsbygoogle\"\r\n     style=\"display:inline-block;width:300px;height:250px\"\r\n     data-ad-client=\"ca-pub-6414922941841817\"\r\n     data-ad-slot=\"5351822287\"><\/ins>\r\n<script>\r\n(adsbygoogle = window.adsbygoogle || []).push({});\r\n<\/script>\n<\/div>\n<p>O Detran (Departamento Estadual de Tr\u00e2nsito) \u00e9 um \u00f3rg\u00e3o que tem como fun\u00e7\u00e3o, administrar e fiscalizar o tr\u00e2nsito de ve\u00edculos assim como a forma\u00e7\u00e3o de seus condutores.<\/p>\n<p>O\u00a0<strong>Detran Cuiab\u00e1<\/strong>\u00a0realiza licenciamento de ve\u00edculos , bem como o registro, instala\u00e7\u00e3o e selagem de placas, isso \u00e9 feito para facilitar a identifica\u00e7\u00e3o do autom\u00f3vel e regularizar sua situa\u00e7\u00e3o, possibilitando a circula\u00e7\u00e3o em vias p\u00fablicas.<\/p>\n<p><img loading=\"lazy\" decoding=\"async\" class=\"alignleft wp-image-158 size-full\" title=\"Detran Cuiab\u00e1\" src=\"https:\/\/www.encontracuiaba.com\/agenda\/wp-content\/uploads\/2019\/07\/detran-cuiaba.gif\" alt=\"Detran Cuiab\u00e1\" width=\"680\" height=\"189\" \/><\/p>\n<h2><\/h2>\n<h2><\/h2>\n<h2><\/h2>\n<h2><\/h2>\n<h2>Detran Cuiab\u00e1 Licenciamento de Ve\u00edculos<\/h2>\n<p>O Calend\u00e1rio Anual de\u00a0<em>Licenciamento de ve\u00edculos<\/em> do DETRAN entra em vigor no m\u00eas de mar\u00e7o. Os propriet\u00e1rios podem emitir o boleto do licenciamento atrav\u00e9s do site do Detran MT ou ainda pelo aplicativo Detran que \u00e9 gratuito e est\u00e1 dispon\u00edvel para download na APP Store e Google Play.<\/p>\n<p>O boleto ser\u00e1 gerado mediante a informa\u00e7\u00e3o da placa e do n\u00famero do Renavam (Registro Nacional de Ve\u00edculos Automotores).\u00a0\u00a0Caso haja multas vencidas, seus valores ser\u00e3o cobrados no boleto do licenciamento.<\/p>\n<p>O pagamento deve ser feito na rede banc\u00e1ria credenciada, inclusive caixas eletr\u00f4nicos: Banco do Brasil, Bradesco, Caixa Econ\u00f4mica e Lot\u00e9ricas. Conforme determina o C\u00f3digo de Tr\u00e2nsito Brasileiro \u2013 CTB \u2013 a falta de licenciamento anual \u00e9 uma infra\u00e7\u00e3o de tr\u00e2nsito que acarreta em multa e remo\u00e7\u00e3o do ve\u00edculo.<\/p>\n<h3>Detran Cuiab\u00e1 Multas<\/h3>\n<p>Voc\u00ea pode conferir se o seu ve\u00edculo foi multado acessando a aba servi\u00e7os e depois em\u00a0<em>multas<\/em>. Voc\u00ea pode fazer a pesquisa utilizando a placa do ve\u00edculo ou o Renavam e pesquisar.<\/p>\n<h3>Detran Cuiab\u00e1 IPVA<\/h3>\n<p>O Imposto sobre Propriedades de Ve\u00edculos Automotores (<em>IPVA<\/em>) \u00e9 um imposto anual pago pelos propriet\u00e1rios ou possuidores de ve\u00edculos. O valor do IPVA \u00e9 calculado com base no valor do ve\u00edculo e sua quita\u00e7\u00e3o \u00e9 um requisito para o licenciamento.\u00a0O IPVA pode ser pago na rede banc\u00e1ria autorizada (guich\u00ea do caixa, autoatendimento, internet banking, d\u00e9bito agendado) ou nas casas lot\u00e9ricas, utilizando o c\u00f3digo RENAVAM constante no Certificado de Registro e Licenciamento de Ve\u00edculos \u2013 CRLV.<\/p>\n<p>No Detran \u00e9 poss\u00edvel realizar os seguintes servi\u00e7os:<\/p>\n<ul>\n<li>Emitir Boleto IPVA<\/li>\n<li>Consultar D\u00e9bitos<\/li>\n<li>Emitir Boleto Licenciamento<\/li>\n<li>Emitir Boleto IPVA primeiro emplacamento (Ve\u00edculo novo)<\/li>\n<\/ul>\n<h3>Detran Cuiab\u00e1 Consulta de Placas<\/h3>\n<p>Pelo site do Detran voc\u00ea pode fazer a<em>\u00a0consulta do ve\u00edculo pelo n\u00famero da placa.\u00a0<\/em>Assim voc\u00ea pode verificar a situa\u00e7\u00e3o legal do ve\u00edculo.<\/p>\n<h3>Hor\u00e1rio de Funcionamento Detran em Cuiab\u00e1<\/h3>\n<ul>\n<li>Segunda a Sexta das 09h \u00e0s 17h<\/li>\n<\/ul>\n<h3>Endere\u00e7o e Telefone Detran em Cuiab\u00e1<\/h3>\n<ul>\n<li><strong>Jd das Am\u00e9ricas:<\/strong> Av. Bras\u00edlia, s\/n &#8211; Telefone: (65) 3615-4800<\/li>\n<li><strong>Adm Sist\u00eamica:<\/strong> Av. Dr. H\u00e9lio Ribeiro, 1000 &#8211; Telefone: (65) 3615-4800<\/li>\n<li><strong>Duque de Caxias:<\/strong> Av. Jos\u00e9 Monteiro de Figueiredo, 500 &#8211; Telefone: (65) 3624-7929<\/li>\n<li><strong>Parque Atalaia:<\/strong> Av. Des, Milton Figueiredo Ferreira Mendes, 2424 &#8211; Telefone: (65) 3615-4800<\/li>\n<li><strong>Distrito Industrial:<\/strong> Nova esperan\u00e7a II, Qdr I, Lotes 15 e 16, 2\u00b0 Etapa &#8211; Telefone: n\u00e3o informado<\/li>\n<li><strong>Santa Rosa:<\/strong> Av. Miguel Sutil, 9300 &#8211; Telefone: (65) 3615-4800<\/li>\n<\/ul>\n<h4>Outras informa\u00e7\u00f5es e site<\/h4>\n<ul>\n<li>Mais informa\u00e7\u00f5es:\u00a0<a href=\"https:\/\/www.detran.mt.gov.br\/\" target=\"_blank\" rel=\"noopener noreferrer\">www.detran.mt.gov.br<\/a><\/li>\n<li>Mais informa\u00e7\u00f5es:\u00a0<a href=\"https:\/\/www.detranbr.org\/detran-cuiaba-mt\/\">www.detranbr.org\/detran-cuiaba-mt<\/a><\/li>\n<\/ul>\n<h4>Mapa de localiza\u00e7\u00e3o<\/h4>\n<a class=\"wp-colorbox-iframe\" href=\"https:\/\/www.google.com\/maps\/embed?pb=!1m18!1m12!1m3!1d3842.6136754686104!2d-56.0768118846043!3d-15.61227632266235!2m3!1f0!2f0!3f0!3m2!1i1024!2i768!4f13.1!3m3!1m2!1s0x939db1d406d403cd0xb8ae41c8a89f7134!2sDETRAN+-+Agncia+VIP+da+Galeria+Italia+Center+-+Cuiab!5e0!3m2!1spt-BR!2sbr!4v1562777596984!5m2!1spt-BR!2sbr\"><img decoding=\"async\" src=\"http:\/\/www.encontracuiaba.com\/imgs\/maps-post.png\"><\/a>\n\n<div style=\"font-size: 0px; height: 0px; line-height: 0px; margin: 0; padding: 0; clear: both;\"><\/div>","protected":false},"excerpt":{"rendered":"<p>O Detran (Departamento Estadual de Tr\u00e2nsito) \u00e9 um \u00f3rg\u00e3o que tem como fun\u00e7\u00e3o, administrar e fiscalizar o tr\u00e2nsito de ve\u00edculos assim como a forma\u00e7\u00e3o de seus condutores. O\u00a0Detran Cuiab\u00e1\u00a0realiza licenciamento de ve\u00edculos , bem como o registro, instala\u00e7\u00e3o e selagem de placas, isso \u00e9 feito para facilitar a identifica\u00e7\u00e3o do autom\u00f3vel e regularizar sua situa\u00e7\u00e3o, possibilitando a circula\u00e7\u00e3o em vias p\u00fablicas. Detran Cuiab\u00e1 Licenciamento de Ve\u00edculos O Calend\u00e1rio Anual de\u00a0Licenciamento de ve\u00edculos do DETRAN entra em vigor no m\u00eas de mar\u00e7o. Os propriet\u00e1rios podem emitir o boleto do licenciamento atrav\u00e9s do site do Detran MT ou ainda pelo aplicativo Detran <\/p>\n","protected":false},"author":1,"featured_media":0,"parent":0,"menu_order":0,"comment_status":"closed","ping_status":"closed","template":"","meta":{"footnotes":""},"class_list":["post-157","page","type-page","status-publish","hentry"],"yoast_head":"<!-- This site is optimized with the Yoast SEO plugin v24.0 - https:\/\/yoast.com\/wordpress\/plugins\/seo\/ -->\n<title>Detran Cuiab\u00e1: Licenciamento de Ve\u00edculos, Multas, IPVA, Endere\u00e7o<\/title>\n<meta name=\"description\" content=\"Veja sobre o ( Detran em Cuiab\u00e1 ) - Informa\u00e7\u00f5es, licenciamento de ve\u00edculos, multas, IPVA, hor\u00e1rio de funcionamento, endere\u00e7o e telefone. CLIQUE AQUI!\" \/>\n<meta name=\"robots\" content=\"index, follow, max-snippet:-1, max-image-preview:large, max-video-preview:-1\" \/>\n<link rel=\"canonical\" href=\"https:\/\/www.encontracuiaba.com\/agenda\/detran-cuiaba\/\" \/>\n<meta property=\"og:locale\" content=\"pt_BR\" \/>\n<meta property=\"og:type\" content=\"article\" \/>\n<meta property=\"og:title\" content=\"Detran Cuiab\u00e1: Licenciamento de Ve\u00edculos, Multas, IPVA, Endere\u00e7o\" \/>\n<meta property=\"og:description\" content=\"Veja sobre o ( Detran em Cuiab\u00e1 ) - Informa\u00e7\u00f5es, licenciamento de ve\u00edculos, multas, IPVA, hor\u00e1rio de funcionamento, endere\u00e7o e telefone. CLIQUE AQUI!\" \/>\n<meta property=\"og:url\" content=\"https:\/\/www.encontracuiaba.com\/agenda\/detran-cuiaba\/\" \/>\n<meta property=\"og:site_name\" content=\"Encontra Cuiab\u00e1\" \/>\n<meta property=\"article:modified_time\" content=\"2019-07-10T16:58:08+00:00\" \/>\n<meta property=\"og:image\" content=\"https:\/\/www.encontracuiaba.com\/agenda\/wp-content\/uploads\/2019\/07\/detran-cuiaba.gif\" \/>\n\t<meta property=\"og:image:width\" content=\"680\" \/>\n\t<meta property=\"og:image:height\" content=\"189\" \/>\n\t<meta property=\"og:image:type\" content=\"image\/gif\" \/>\n<meta name=\"twitter:card\" content=\"summary_large_image\" \/>\n<meta name=\"twitter:label1\" content=\"Est. tempo de leitura\" \/>\n\t<meta name=\"twitter:data1\" content=\"3 minutos\" \/>\n<script type=\"application\/ld+json\" class=\"yoast-schema-graph\">{\"@context\":\"https:\/\/schema.org\",\"@graph\":[{\"@type\":\"WebPage\",\"@id\":\"https:\/\/www.encontracuiaba.com\/agenda\/detran-cuiaba\/\",\"url\":\"https:\/\/www.encontracuiaba.com\/agenda\/detran-cuiaba\/\",\"name\":\"Detran Cuiab\u00e1: Licenciamento de Ve\u00edculos, Multas, IPVA, Endere\u00e7o\",\"isPartOf\":{\"@id\":\"https:\/\/www.encontracuiaba.com\/agenda\/#website\"},\"primaryImageOfPage\":{\"@id\":\"https:\/\/www.encontracuiaba.com\/agenda\/detran-cuiaba\/#primaryimage\"},\"image\":{\"@id\":\"https:\/\/www.encontracuiaba.com\/agenda\/detran-cuiaba\/#primaryimage\"},\"thumbnailUrl\":\"https:\/\/www.encontracuiaba.com\/agenda\/wp-content\/uploads\/2019\/07\/detran-cuiaba.gif\",\"datePublished\":\"2019-07-10T16:55:33+00:00\",\"dateModified\":\"2019-07-10T16:58:08+00:00\",\"description\":\"Veja sobre o ( Detran em Cuiab\u00e1 ) - Informa\u00e7\u00f5es, licenciamento de ve\u00edculos, multas, IPVA, hor\u00e1rio de funcionamento, endere\u00e7o e telefone. CLIQUE AQUI!\",\"breadcrumb\":{\"@id\":\"https:\/\/www.encontracuiaba.com\/agenda\/detran-cuiaba\/#breadcrumb\"},\"inLanguage\":\"pt-BR\",\"potentialAction\":[{\"@type\":\"ReadAction\",\"target\":[\"https:\/\/www.encontracuiaba.com\/agenda\/detran-cuiaba\/\"]}]},{\"@type\":\"ImageObject\",\"inLanguage\":\"pt-BR\",\"@id\":\"https:\/\/www.encontracuiaba.com\/agenda\/detran-cuiaba\/#primaryimage\",\"url\":\"https:\/\/www.encontracuiaba.com\/agenda\/wp-content\/uploads\/2019\/07\/detran-cuiaba.gif\",\"contentUrl\":\"https:\/\/www.encontracuiaba.com\/agenda\/wp-content\/uploads\/2019\/07\/detran-cuiaba.gif\",\"width\":680,\"height\":189},{\"@type\":\"BreadcrumbList\",\"@id\":\"https:\/\/www.encontracuiaba.com\/agenda\/detran-cuiaba\/#breadcrumb\",\"itemListElement\":[{\"@type\":\"ListItem\",\"position\":1,\"name\":\"In\u00edcio\",\"item\":\"https:\/\/www.encontracuiaba.com\/agenda\/\"},{\"@type\":\"ListItem\",\"position\":2,\"name\":\"Detran Cuiab\u00e1\"}]},{\"@type\":\"WebSite\",\"@id\":\"https:\/\/www.encontracuiaba.com\/agenda\/#website\",\"url\":\"https:\/\/www.encontracuiaba.com\/agenda\/\",\"name\":\"Encontra Cuiab\u00e1\",\"description\":\"Not\u00edcias, eventos, informa\u00e7\u00f5es e dicas na cidade de Cuiab\u00e1 e regi\u00e3o.\",\"potentialAction\":[{\"@type\":\"SearchAction\",\"target\":{\"@type\":\"EntryPoint\",\"urlTemplate\":\"https:\/\/www.encontracuiaba.com\/agenda\/?s={search_term_string}\"},\"query-input\":{\"@type\":\"PropertyValueSpecification\",\"valueRequired\":true,\"valueName\":\"search_term_string\"}}],\"inLanguage\":\"pt-BR\"}]}<\/script>\n<!-- \/ Yoast SEO plugin. -->","yoast_head_json":{"title":"Detran Cuiab\u00e1: Licenciamento de Ve\u00edculos, Multas, IPVA, Endere\u00e7o","description":"Veja sobre o ( Detran em Cuiab\u00e1 ) - Informa\u00e7\u00f5es, licenciamento de ve\u00edculos, multas, IPVA, hor\u00e1rio de funcionamento, endere\u00e7o e telefone. CLIQUE AQUI!","robots":{"index":"index","follow":"follow","max-snippet":"max-snippet:-1","max-image-preview":"max-image-preview:large","max-video-preview":"max-video-preview:-1"},"canonical":"https:\/\/www.encontracuiaba.com\/agenda\/detran-cuiaba\/","og_locale":"pt_BR","og_type":"article","og_title":"Detran Cuiab\u00e1: Licenciamento de Ve\u00edculos, Multas, IPVA, Endere\u00e7o","og_description":"Veja sobre o ( Detran em Cuiab\u00e1 ) - Informa\u00e7\u00f5es, licenciamento de ve\u00edculos, multas, IPVA, hor\u00e1rio de funcionamento, endere\u00e7o e telefone. CLIQUE AQUI!","og_url":"https:\/\/www.encontracuiaba.com\/agenda\/detran-cuiaba\/","og_site_name":"Encontra Cuiab\u00e1","article_modified_time":"2019-07-10T16:58:08+00:00","og_image":[{"width":680,"height":189,"url":"https:\/\/www.encontracuiaba.com\/agenda\/wp-content\/uploads\/2019\/07\/detran-cuiaba.gif","type":"image\/gif"}],"twitter_card":"summary_large_image","twitter_misc":{"Est. tempo de leitura":"3 minutos"},"schema":{"@context":"https:\/\/schema.org","@graph":[{"@type":"WebPage","@id":"https:\/\/www.encontracuiaba.com\/agenda\/detran-cuiaba\/","url":"https:\/\/www.encontracuiaba.com\/agenda\/detran-cuiaba\/","name":"Detran Cuiab\u00e1: Licenciamento de Ve\u00edculos, Multas, IPVA, Endere\u00e7o","isPartOf":{"@id":"https:\/\/www.encontracuiaba.com\/agenda\/#website"},"primaryImageOfPage":{"@id":"https:\/\/www.encontracuiaba.com\/agenda\/detran-cuiaba\/#primaryimage"},"image":{"@id":"https:\/\/www.encontracuiaba.com\/agenda\/detran-cuiaba\/#primaryimage"},"thumbnailUrl":"https:\/\/www.encontracuiaba.com\/agenda\/wp-content\/uploads\/2019\/07\/detran-cuiaba.gif","datePublished":"2019-07-10T16:55:33+00:00","dateModified":"2019-07-10T16:58:08+00:00","description":"Veja sobre o ( Detran em Cuiab\u00e1 ) - Informa\u00e7\u00f5es, licenciamento de ve\u00edculos, multas, IPVA, hor\u00e1rio de funcionamento, endere\u00e7o e telefone. CLIQUE AQUI!","breadcrumb":{"@id":"https:\/\/www.encontracuiaba.com\/agenda\/detran-cuiaba\/#breadcrumb"},"inLanguage":"pt-BR","potentialAction":[{"@type":"ReadAction","target":["https:\/\/www.encontracuiaba.com\/agenda\/detran-cuiaba\/"]}]},{"@type":"ImageObject","inLanguage":"pt-BR","@id":"https:\/\/www.encontracuiaba.com\/agenda\/detran-cuiaba\/#primaryimage","url":"https:\/\/www.encontracuiaba.com\/agenda\/wp-content\/uploads\/2019\/07\/detran-cuiaba.gif","contentUrl":"https:\/\/www.encontracuiaba.com\/agenda\/wp-content\/uploads\/2019\/07\/detran-cuiaba.gif","width":680,"height":189},{"@type":"BreadcrumbList","@id":"https:\/\/www.encontracuiaba.com\/agenda\/detran-cuiaba\/#breadcrumb","itemListElement":[{"@type":"ListItem","position":1,"name":"In\u00edcio","item":"https:\/\/www.encontracuiaba.com\/agenda\/"},{"@type":"ListItem","position":2,"name":"Detran Cuiab\u00e1"}]},{"@type":"WebSite","@id":"https:\/\/www.encontracuiaba.com\/agenda\/#website","url":"https:\/\/www.encontracuiaba.com\/agenda\/","name":"Encontra Cuiab\u00e1","description":"Not\u00edcias, eventos, informa\u00e7\u00f5es e dicas na cidade de Cuiab\u00e1 e regi\u00e3o.","potentialAction":[{"@type":"SearchAction","target":{"@type":"EntryPoint","urlTemplate":"https:\/\/www.encontracuiaba.com\/agenda\/?s={search_term_string}"},"query-input":{"@type":"PropertyValueSpecification","valueRequired":true,"valueName":"search_term_string"}}],"inLanguage":"pt-BR"}]}},"_links":{"self":[{"href":"https:\/\/www.encontracuiaba.com\/agenda\/wp-json\/wp\/v2\/pages\/157","targetHints":{"allow":["GET"]}}],"collection":[{"href":"https:\/\/www.encontracuiaba.com\/agenda\/wp-json\/wp\/v2\/pages"}],"about":[{"href":"https:\/\/www.encontracuiaba.com\/agenda\/wp-json\/wp\/v2\/types\/page"}],"author":[{"embeddable":true,"href":"https:\/\/www.encontracuiaba.com\/agenda\/wp-json\/wp\/v2\/users\/1"}],"replies":[{"embeddable":true,"href":"https:\/\/www.encontracuiaba.com\/agenda\/wp-json\/wp\/v2\/comments?post=157"}],"version-history":[{"count":0,"href":"https:\/\/www.encontracuiaba.com\/agenda\/wp-json\/wp\/v2\/pages\/157\/revisions"}],"wp:attachment":[{"href":"https:\/\/www.encontracuiaba.com\/agenda\/wp-json\/wp\/v2\/media?parent=157"}],"curies":[{"name":"wp","href":"https:\/\/api.w.org\/{rel}","templated":true}]}}